{"id":77,"date":"2014-10-20T08:26:09","date_gmt":"2014-10-20T08:26:09","guid":{"rendered":"http:\/\/www.rantsilanriistamiehet.fi\/hiekkalaatikko\/?page_id=77"},"modified":"2021-11-18T08:32:40","modified_gmt":"2021-11-18T08:32:40","slug":"yhteystiedot","status":"publish","type":"page","link":"http:\/\/www.rantsilanriistamiehet.fi\/hiekkalaatikko\/yhteystiedot\/","title":{"rendered":"Yhteystiedot"},"content":{"rendered":"<p>Yhdistyksen s\u00e4hk\u00f6postiosoite: <a href=\"mailto:rantsilan.riistamiehet@gmail.com\" target=\"_blank\" rel=\"noopener noreferrer\">rantsilan.riistamiehet@gmail.<wbr \/>com<\/a><\/p>\n<p>Yhdistyksen puheenjohtaja:<br \/>\n<b>Jarmo Tuomela 040 7386859, jarmo.tuomela@outlook.com<\/b><\/p>\n<p>Yhdistyksen sihteeri:<br \/>\n<a href=\"mailto:rantsilan.riistamiehet@gmail.com\" target=\"_blank\" rel=\"noopener noreferrer\"><\/a><\/p>\n<p>Vierasluvat:<br \/>\n<strong>Kylm\u00e4nen food oy,<\/strong> Urheilutie 3, <span class=\"LrzXr\">RANTSILA<\/span><strong><br \/>\n<\/strong><strong>Hannan Herkkupuoti, <\/strong><span class=\"LrzXr\">Klaarantie 2, RANTSILA. <span class=\"LrzXr zdqRlf kno-fv\"><span data-dtype=\"d3ifr\" data-local-attribute=\"d3ph\">044 5427887<br \/>\n<strong>Juha Niemel\u00e4,<\/strong> 044 276 1016<br \/>\n<\/span><\/span><\/span><\/p>\n<p>Petoyhdyshenkil\u00f6(Karhu, Susi, Ahma ja iIves havainnot\/j\u00e4lkihavainnot):<br \/>\n<strong>Antero Niva\u00a0 040 515 5752 (Mankila)<br \/>\nRauno Kilpel\u00e4inen 0400 283 450 (Rantsila, Ker\u00e4l\u00e4)<br \/>\nJarmo Tuomela 040 738 6859 (Rantsila, Ker\u00e4l\u00e4)<br \/>\nMatti Tuokkola 040 833 1120 (Rantsila)<br \/>\nJuha Niemel\u00e4 044 276 1016 (Rantsila)<br \/>\nEero V\u00e4h\u00e4 050 375 9123 (Rantsila)<\/strong><strong><br \/>\n<\/strong><\/p>\n<p>SRVA-yhteyshenkil\u00f6:<br \/>\n<strong>Juha Kaurala 045 1102327<\/strong><br \/>\n<strong>Paavo Junno 0400 292 175<br \/>\nJuha Niemel\u00e4 044 276 1016<br \/>\nEero V\u00e4h\u00e4 050 3759123<br \/>\n<\/strong><\/p>\n<p>Suurpetopyynti yhteyshenkil\u00f6t:<br \/>\n<strong>Juha Kaurala 045 1102327<\/strong><br \/>\n<strong>Jarmo Tuomela 040 7386859<\/strong><br \/>\n<strong>Eero V\u00e4h\u00e4 050 3759123<\/strong><\/p>\n<p>Ratamestari ja WWW-sivut<br \/>\nAri-Pekka Huhtaniska 040 5947918<\/p>\n","protected":false},"excerpt":{"rendered":"<p>Yhdistyksen s\u00e4hk\u00f6postiosoite: rantsilan.riistamiehet@gmail.com Yhdistyksen puheenjohtaja: Jarmo Tuomela 040 7386859, jarmo.tuomela@outlook.com Yhdistyksen sihteeri: Vierasluvat: Kylm\u00e4nen food oy, Urheilutie 3, RANTSILA Hannan Herkkupuoti, Klaarantie 2, RANTSILA. 044 5427887 Juha Niemel\u00e4, 044 276 1016 Petoyhdyshenkil\u00f6(Karhu, Susi, Ahma ja iIves havainnot\/j\u00e4lkihavainnot): Antero Niva\u00a0 040 515 5752 (Mankila) Rauno Kilpel\u00e4inen 0400 283 450 (Rantsila, Ker\u00e4l\u00e4) [&hellip;]<\/p>\n","protected":false},"author":1,"featured_media":0,"parent":0,"menu_order":8,"comment_status":"closed","ping_status":"open","template":"","meta":{"footnotes":""},"class_list":["post-77","page","type-page","status-publish","hentry"],"_links":{"self":[{"href":"http:\/\/www.rantsilanriistamiehet.fi\/hiekkalaatikko\/wp-json\/wp\/v2\/pages\/77","targetHints":{"allow":["GET"]}}],"collection":[{"href":"http:\/\/www.rantsilanriistamiehet.fi\/hiekkalaatikko\/wp-json\/wp\/v2\/pages"}],"about":[{"href":"http:\/\/www.rantsilanriistamiehet.fi\/hiekkalaatikko\/wp-json\/wp\/v2\/types\/page"}],"author":[{"embeddable":true,"href":"http:\/\/www.rantsilanriistamiehet.fi\/hiekkalaatikko\/wp-json\/wp\/v2\/users\/1"}],"replies":[{"embeddable":true,"href":"http:\/\/www.rantsilanriistamiehet.fi\/hiekkalaatikko\/wp-json\/wp\/v2\/comments?post=77"}],"version-history":[{"count":8,"href":"http:\/\/www.rantsilanriistamiehet.fi\/hiekkalaatikko\/wp-json\/wp\/v2\/pages\/77\/revisions"}],"predecessor-version":[{"id":362,"href":"http:\/\/www.rantsilanriistamiehet.fi\/hiekkalaatikko\/wp-json\/wp\/v2\/pages\/77\/revisions\/362"}],"wp:attachment":[{"href":"http:\/\/www.rantsilanriistamiehet.fi\/hiekkalaatikko\/wp-json\/wp\/v2\/media?parent=77"}],"curies":[{"name":"wp","href":"https:\/\/api.w.org\/{rel}","templated":true}]}}