{"id":342,"date":"2021-11-18T08:15:47","date_gmt":"2021-11-18T08:15:47","guid":{"rendered":"http:\/\/www.rantsilanriistamiehet.fi\/hiekkalaatikko\/?page_id=342"},"modified":"2021-11-18T08:30:08","modified_gmt":"2021-11-18T08:30:08","slug":"saalisilmoitusohjeet-ja-lomakkeet","status":"publish","type":"page","link":"http:\/\/www.rantsilanriistamiehet.fi\/hiekkalaatikko\/saalisilmoitusohjeet-ja-lomakkeet\/","title":{"rendered":"Saalisilmoitusohjeet ja -lomakkeet"},"content":{"rendered":"\n<div class=\"wp-block-image\"><figure class=\"alignright\"><a href=\"http:\/\/www.rantsilanriistamiehet.fi\/wp-content\/uploads\/2014\/10\/1600_hirvisonni_yo.jpg\"><img decoding=\"async\" src=\"http:\/\/www.rantsilanriistamiehet.fi\/wp-content\/uploads\/2014\/10\/1600_hirvisonni_yo-300x225.jpg\" alt=\"1600_hirvisonni_yo\" class=\"wp-image-358\"\/><\/a><\/figure><\/div>\n\n\n\n<p>Kauris: ilmoitus seuran edustajalle Eero V\u00e4h\u00e4\/050 3759123 sek\u00e4 valtiolle HUOM! Tarkista kiinti\u00f6.<\/p>\n\n\n\n<p>Hirvi: ilmoitus valtiolle<\/p>\n\n\n\n<p>Saalisilmoitus-lomakkeet l\u00f6ytyv\u00e4t Riistakeskuksen sivuilta:<\/p>\n\n\n\n<p><a href=\"https:\/\/riista.fi\/metsastys\/saalisilmoitukset\/\">https:\/\/riista.fi\/metsastys\/saalisilmoitukset\/<\/a><\/p>\n","protected":false},"excerpt":{"rendered":"<p>Kauris: ilmoitus seuran edustajalle Eero V\u00e4h\u00e4\/050 3759123 sek\u00e4 valtiolle HUOM! Tarkista kiinti\u00f6. Hirvi: ilmoitus valtiolle Saalisilmoitus-lomakkeet l\u00f6ytyv\u00e4t Riistakeskuksen sivuilta: https:\/\/riista.fi\/metsastys\/saalisilmoitukset\/<\/p>\n","protected":false},"author":1,"featured_media":0,"parent":0,"menu_order":0,"comment_status":"closed","ping_status":"closed","template":"","meta":{"footnotes":""},"class_list":["post-342","page","type-page","status-publish","hentry"],"_links":{"self":[{"href":"http:\/\/www.rantsilanriistamiehet.fi\/hiekkalaatikko\/wp-json\/wp\/v2\/pages\/342","targetHints":{"allow":["GET"]}}],"collection":[{"href":"http:\/\/www.rantsilanriistamiehet.fi\/hiekkalaatikko\/wp-json\/wp\/v2\/pages"}],"about":[{"href":"http:\/\/www.rantsilanriistamiehet.fi\/hiekkalaatikko\/wp-json\/wp\/v2\/types\/page"}],"author":[{"embeddable":true,"href":"http:\/\/www.rantsilanriistamiehet.fi\/hiekkalaatikko\/wp-json\/wp\/v2\/users\/1"}],"replies":[{"embeddable":true,"href":"http:\/\/www.rantsilanriistamiehet.fi\/hiekkalaatikko\/wp-json\/wp\/v2\/comments?post=342"}],"version-history":[{"count":5,"href":"http:\/\/www.rantsilanriistamiehet.fi\/hiekkalaatikko\/wp-json\/wp\/v2\/pages\/342\/revisions"}],"predecessor-version":[{"id":359,"href":"http:\/\/www.rantsilanriistamiehet.fi\/hiekkalaatikko\/wp-json\/wp\/v2\/pages\/342\/revisions\/359"}],"wp:attachment":[{"href":"http:\/\/www.rantsilanriistamiehet.fi\/hiekkalaatikko\/wp-json\/wp\/v2\/media?parent=342"}],"curies":[{"name":"wp","href":"https:\/\/api.w.org\/{rel}","templated":true}]}}