{"id":339,"date":"2021-11-18T08:13:51","date_gmt":"2021-11-18T08:13:51","guid":{"rendered":"http:\/\/www.rantsilanriistamiehet.fi\/hiekkalaatikko\/?page_id=339"},"modified":"2021-11-18T08:25:06","modified_gmt":"2021-11-18T08:25:06","slug":"rauhoitusalueet","status":"publish","type":"page","link":"http:\/\/www.rantsilanriistamiehet.fi\/hiekkalaatikko\/rauhoitusalueet\/","title":{"rendered":"Rauhoitukset ja rauhoitusalueet"},"content":{"rendered":"\n<h2 class=\"wp-block-heading\"><strong>Kausi 2021<\/strong><\/h2>\n\n\n\n<p>Mets\u00e4kanalintuja saa ampua yhteens\u00e4 5. Kappaletta joista yksi voi olla metso.<\/p>\n\n\n\n<p>Koppelo, peltopyy ja riekko rauhoitettu.<\/p>\n\n\n\n<p>Kauris kiinti\u00f6 7. Kappaletta ja ilmoitus kaadosta Eero V\u00e4h\u00e4lle.<br>Rajoitus: 1.&nbsp; kauris Per. Mets\u00e4st\u00e4j\u00e4.<\/p>\n\n\n\n<p>Fasaani rajoitus: 1. Per. Mets\u00e4st\u00e4j\u00e4.<\/p>\n\n\n\n<p><strong>Rauhoitus alue vesi- ja kanalintujen osalta:<\/strong><br>Kurun kanava \u2013 Jylh\u00e4nrannantie \u2013 Vanhan kirkon lampi \u2013 Ker\u00e4l\u00e4ntie v\u00e4linen alue.<\/p>\n","protected":false},"excerpt":{"rendered":"<p>Kausi 2021 Mets\u00e4kanalintuja saa ampua yhteens\u00e4 5. Kappaletta joista yksi voi olla metso. Koppelo, peltopyy ja riekko rauhoitettu. Kauris kiinti\u00f6 7. Kappaletta ja ilmoitus kaadosta Eero V\u00e4h\u00e4lle.Rajoitus: 1.&nbsp; kauris Per. Mets\u00e4st\u00e4j\u00e4. Fasaani rajoitus: 1. Per. Mets\u00e4st\u00e4j\u00e4. Rauhoitus alue vesi- ja kanalintujen osalta:Kurun kanava \u2013 Jylh\u00e4nrannantie \u2013 Vanhan kirkon lampi \u2013 [&hellip;]<\/p>\n","protected":false},"author":1,"featured_media":0,"parent":0,"menu_order":0,"comment_status":"closed","ping_status":"closed","template":"","meta":{"footnotes":""},"class_list":["post-339","page","type-page","status-publish","hentry"],"_links":{"self":[{"href":"http:\/\/www.rantsilanriistamiehet.fi\/hiekkalaatikko\/wp-json\/wp\/v2\/pages\/339","targetHints":{"allow":["GET"]}}],"collection":[{"href":"http:\/\/www.rantsilanriistamiehet.fi\/hiekkalaatikko\/wp-json\/wp\/v2\/pages"}],"about":[{"href":"http:\/\/www.rantsilanriistamiehet.fi\/hiekkalaatikko\/wp-json\/wp\/v2\/types\/page"}],"author":[{"embeddable":true,"href":"http:\/\/www.rantsilanriistamiehet.fi\/hiekkalaatikko\/wp-json\/wp\/v2\/users\/1"}],"replies":[{"embeddable":true,"href":"http:\/\/www.rantsilanriistamiehet.fi\/hiekkalaatikko\/wp-json\/wp\/v2\/comments?post=339"}],"version-history":[{"count":3,"href":"http:\/\/www.rantsilanriistamiehet.fi\/hiekkalaatikko\/wp-json\/wp\/v2\/pages\/339\/revisions"}],"predecessor-version":[{"id":354,"href":"http:\/\/www.rantsilanriistamiehet.fi\/hiekkalaatikko\/wp-json\/wp\/v2\/pages\/339\/revisions\/354"}],"wp:attachment":[{"href":"http:\/\/www.rantsilanriistamiehet.fi\/hiekkalaatikko\/wp-json\/wp\/v2\/media?parent=339"}],"curies":[{"name":"wp","href":"https:\/\/api.w.org\/{rel}","templated":true}]}}