{"id":333,"date":"2021-11-18T08:13:12","date_gmt":"2021-11-18T08:13:12","guid":{"rendered":"http:\/\/www.rantsilanriistamiehet.fi\/hiekkalaatikko\/?page_id=333"},"modified":"2021-11-18T08:23:59","modified_gmt":"2021-11-18T08:23:59","slug":"metsastysluvat","status":"publish","type":"page","link":"http:\/\/www.rantsilanriistamiehet.fi\/hiekkalaatikko\/metsastysluvat\/","title":{"rendered":"Mets\u00e4stysluvat"},"content":{"rendered":"\n<h1 class=\"wp-block-heading\">Mets\u00e4stysluvat<\/h1>\n\n\n\n<div class=\"wp-block-image\"><figure class=\"alignright\"><a href=\"http:\/\/www.rantsilanriistamiehet.fi\/wp-content\/uploads\/2014\/10\/20140913_001.jpg\"><img decoding=\"async\" src=\"http:\/\/www.rantsilanriistamiehet.fi\/wp-content\/uploads\/2014\/10\/20140913_001-300x169.jpg\" alt=\"20140913_001\" class=\"wp-image-278\"\/><\/a><\/figure><\/div>\n\n\n\n<p>Mets\u00e4stysseuran alueilla ovat oikeutettuja mets\u00e4st\u00e4m\u00e4\u00e4n seuranj\u00e4senet sek\u00e4 vierasluvan ostaneet yhdistyksen asettamien rajoitteiden(<a href=\"http:\/\/www.rantsilanriistamiehet.fi\/metsastys\/metsastysajat\/\">rauhoitusajat<\/a>, <a href=\"http:\/\/www.rantsilanriistamiehet.fi\/metsastys\/rauhoitusalueet\/\">rauhoitusalueet<\/a>, <a href=\"http:\/\/www.rantsilanriistamiehet.fi\/metsastys\/lajikohtaiset-rauhoitukset\/\">rauhoitetut lajit, mets\u00e4stys kiinti\u00f6t<\/a>) mukaisesti. Rajoitteet asiakohtaisesti tarkistetaan kes\u00e4kokouksen yhteydess\u00e4. N\u00e4ist\u00e4 tarkemmin omilla sivuillaan.<\/p>\n","protected":false},"excerpt":{"rendered":"<p>Mets\u00e4stysluvat Mets\u00e4stysseuran alueilla ovat oikeutettuja mets\u00e4st\u00e4m\u00e4\u00e4n seuranj\u00e4senet sek\u00e4 vierasluvan ostaneet yhdistyksen asettamien rajoitteiden(rauhoitusajat, rauhoitusalueet, rauhoitetut lajit, mets\u00e4stys kiinti\u00f6t) mukaisesti. Rajoitteet asiakohtaisesti tarkistetaan kes\u00e4kokouksen yhteydess\u00e4. N\u00e4ist\u00e4 tarkemmin omilla sivuillaan.<\/p>\n","protected":false},"author":1,"featured_media":0,"parent":0,"menu_order":0,"comment_status":"closed","ping_status":"closed","template":"","meta":{"footnotes":""},"class_list":["post-333","page","type-page","status-publish","hentry"],"_links":{"self":[{"href":"http:\/\/www.rantsilanriistamiehet.fi\/hiekkalaatikko\/wp-json\/wp\/v2\/pages\/333","targetHints":{"allow":["GET"]}}],"collection":[{"href":"http:\/\/www.rantsilanriistamiehet.fi\/hiekkalaatikko\/wp-json\/wp\/v2\/pages"}],"about":[{"href":"http:\/\/www.rantsilanriistamiehet.fi\/hiekkalaatikko\/wp-json\/wp\/v2\/types\/page"}],"author":[{"embeddable":true,"href":"http:\/\/www.rantsilanriistamiehet.fi\/hiekkalaatikko\/wp-json\/wp\/v2\/users\/1"}],"replies":[{"embeddable":true,"href":"http:\/\/www.rantsilanriistamiehet.fi\/hiekkalaatikko\/wp-json\/wp\/v2\/comments?post=333"}],"version-history":[{"count":2,"href":"http:\/\/www.rantsilanriistamiehet.fi\/hiekkalaatikko\/wp-json\/wp\/v2\/pages\/333\/revisions"}],"predecessor-version":[{"id":352,"href":"http:\/\/www.rantsilanriistamiehet.fi\/hiekkalaatikko\/wp-json\/wp\/v2\/pages\/333\/revisions\/352"}],"wp:attachment":[{"href":"http:\/\/www.rantsilanriistamiehet.fi\/hiekkalaatikko\/wp-json\/wp\/v2\/media?parent=333"}],"curies":[{"name":"wp","href":"https:\/\/api.w.org\/{rel}","templated":true}]}}