{"id":322,"date":"2021-11-18T08:06:50","date_gmt":"2021-11-18T08:06:50","guid":{"rendered":"http:\/\/www.rantsilanriistamiehet.fi\/hiekkalaatikko\/?page_id=322"},"modified":"2021-11-18T09:53:17","modified_gmt":"2021-11-18T09:53:17","slug":"saannot","status":"publish","type":"page","link":"http:\/\/www.rantsilanriistamiehet.fi\/hiekkalaatikko\/saannot\/","title":{"rendered":"S\u00e4\u00e4nn\u00f6t"},"content":{"rendered":"\n<p>Yhdistyksen s\u00e4\u00e4nn\u00f6t:<\/p>\n\n\n\n<div class=\"wp-block-file\"><a href=\"http:\/\/www.rantsilanriistamiehet.fi\/hiekkalaatikko\/wp-content\/uploads\/2021\/11\/Rantsilan_riistamiesten_saannot.pdf\">Rantsilan_riistamiesten_saannot<\/a><a href=\"http:\/\/www.rantsilanriistamiehet.fi\/hiekkalaatikko\/wp-content\/uploads\/2021\/11\/Rantsilan_riistamiesten_saannot.pdf\" class=\"wp-block-file__button\" download>Lataa<\/a><\/div>\n\n\n\n<p>Hirven mets\u00e4styss\u00e4\u00e4nn\u00f6t:<\/p>\n\n\n\n<div class=\"wp-block-file\"><a href=\"http:\/\/www.rantsilanriistamiehet.fi\/hiekkalaatikko\/wp-content\/uploads\/2021\/11\/Hirvenmetsastyssaannot2021.pdf\">Hirvenmetsastyssaannot2021<\/a><a href=\"http:\/\/www.rantsilanriistamiehet.fi\/hiekkalaatikko\/wp-content\/uploads\/2021\/11\/Hirvenmetsastyssaannot2021.pdf\" class=\"wp-block-file__button\" download>Lataa<\/a><\/div>\n","protected":false},"excerpt":{"rendered":"<p>Yhdistyksen s\u00e4\u00e4nn\u00f6t: Hirven mets\u00e4styss\u00e4\u00e4nn\u00f6t:<\/p>\n","protected":false},"author":1,"featured_media":0,"parent":0,"menu_order":0,"comment_status":"closed","ping_status":"closed","template":"","meta":{"footnotes":""},"class_list":["post-322","page","type-page","status-publish","hentry"],"_links":{"self":[{"href":"http:\/\/www.rantsilanriistamiehet.fi\/hiekkalaatikko\/wp-json\/wp\/v2\/pages\/322","targetHints":{"allow":["GET"]}}],"collection":[{"href":"http:\/\/www.rantsilanriistamiehet.fi\/hiekkalaatikko\/wp-json\/wp\/v2\/pages"}],"about":[{"href":"http:\/\/www.rantsilanriistamiehet.fi\/hiekkalaatikko\/wp-json\/wp\/v2\/types\/page"}],"author":[{"embeddable":true,"href":"http:\/\/www.rantsilanriistamiehet.fi\/hiekkalaatikko\/wp-json\/wp\/v2\/users\/1"}],"replies":[{"embeddable":true,"href":"http:\/\/www.rantsilanriistamiehet.fi\/hiekkalaatikko\/wp-json\/wp\/v2\/comments?post=322"}],"version-history":[{"count":5,"href":"http:\/\/www.rantsilanriistamiehet.fi\/hiekkalaatikko\/wp-json\/wp\/v2\/pages\/322\/revisions"}],"predecessor-version":[{"id":371,"href":"http:\/\/www.rantsilanriistamiehet.fi\/hiekkalaatikko\/wp-json\/wp\/v2\/pages\/322\/revisions\/371"}],"wp:attachment":[{"href":"http:\/\/www.rantsilanriistamiehet.fi\/hiekkalaatikko\/wp-json\/wp\/v2\/media?parent=322"}],"curies":[{"name":"wp","href":"https:\/\/api.w.org\/{rel}","templated":true}]}}