{"id":319,"date":"2021-11-18T08:01:31","date_gmt":"2021-11-18T08:01:31","guid":{"rendered":"http:\/\/www.rantsilanriistamiehet.fi\/hiekkalaatikko\/?page_id=319"},"modified":"2021-11-18T08:01:32","modified_gmt":"2021-11-18T08:01:32","slug":"jasenyys-ja-jasenmaksut","status":"publish","type":"page","link":"http:\/\/www.rantsilanriistamiehet.fi\/hiekkalaatikko\/jasenyys-ja-jasenmaksut\/","title":{"rendered":"J\u00e4senyys ja j\u00e4senmaksut"},"content":{"rendered":"\n<h3 class=\"wp-block-heading\">J\u00e4seneksi?<\/h3>\n\n\n\n<p>Jos Rantsilan riistamiehet ry j\u00e4senyys kiinnostaa, niin tutustu <a href=\"https:\/\/metsastajaliitto.fi\/tule-mukaan\/metsastys-sopii-kaikille\/tervetuloa-metsastajaksi\">Mets\u00e4stys ja sen aloittaminen \u2013 tervetuloa mets\u00e4st\u00e4j\u00e4ksi (metsastajaliitto.fi)<\/a> sek\u00e4 yhdistyksen s\u00e4\u00e4nt\u00f6ihin <a href=\"http:\/\/www.rantsilanriistamiehet.fi\/wp-content\/uploads\/2014\/10\/1777_001.pdf\">s\u00e4\u00e4nn\u00f6t.pdf (rantsilanriistamiehet.fi)<\/a><\/p>\n\n\n\n<p>T\u00e4yt\u00e4 hakemus <a href=\"https:\/\/metsastajaliitto.fi\/system\/files\/inline-files\/seuranjasenanomus_0.pdf\">seuranjasenanomus.doc (metsastajaliitto.fi)<\/a> ja l\u00e4het\u00e4 se osoitteeseen &nbsp;<a href=\"mailto:rantsilan.riistamiehet@gmail.com\" target=\"_blank\" rel=\"noreferrer noopener\">rantsilan.riistamiehet@gmail.com<\/a><\/p>\n\n\n\n<h3 class=\"wp-block-heading\">J\u00e4senmaksut 2021<\/h3>\n\n\n\n<ul class=\"wp-block-list\"><li>J\u00e4senmaksu&nbsp;mets\u00e4st\u00e4j\u00e4liiton j\u00e4senyydell\u00e4 51 euroa<\/li><li>J\u00e4senmaksu ilman mets\u00e4st\u00e4j\u00e4liiton j\u00e4senyytt\u00e4 40 euroa<\/li><li>Maanomistajaj\u00e4senyys (yli 50ha)&nbsp; mets\u00e4st\u00e4j\u00e4liiton j\u00e4senyydell\u00e4 11 euroa<\/li><li>Maanomistajaj\u00e4senyys (yli 50ha) ilman mets\u00e4st\u00e4j\u00e4liiton j\u00e4senyytt\u00e4 0 euroa<\/li><\/ul>\n\n\n\n<p>Vieraslupien hinnat ja k\u00e4yt\u00e4nn\u00f6t l\u00f6ytyv\u00e4t&nbsp; <a href=\"http:\/\/www.rantsilanriistamiehet.fi\/metsastys\/vierasluvat\/\">Vierasluvat <\/a>sivulta.<\/p>\n\n\n\n<p>Talvikokouksessa 25.2.2016 p\u00e4\u00e4tetty seuran liittymisest\u00e4 Suomen mets\u00e4st\u00e4j\u00e4liittoon <a href=\"https:\/\/www.metsastajaliitto.fi\" target=\"_blank\" rel=\"noreferrer noopener\">www.metsastajaliitto.fi<\/a><\/p>\n\n\n\n<p>Mets\u00e4st\u00e4j\u00e4liiton j\u00e4senyys seuran kautta vapaaehtoinen. Voit olla j\u00e4sen jo toisen seauran kautta tai mets\u00e4st\u00e4j\u00e4liiton henkil\u00f6j\u00e4sen. Katso lis\u00e4tietoa j\u00e4senyydest\u00e4 ja sen eduista <a href=\"https:\/\/www.metsastajaliitto.fi\/jasenpalvelut\" target=\"_blank\" rel=\"noreferrer noopener\">Mets\u00e4st\u00e4j\u00e4liiton J\u00e4senpalvelut ja edut<\/a><\/p>\n\n\n\n<p>Lis\u00e4tietoa j\u00e4senyydest\u00e4 my\u00f6s j\u00e4senmaksu kirjeen yhteydess\u00e4.<\/p>\n","protected":false},"excerpt":{"rendered":"<p>J\u00e4seneksi? Jos Rantsilan riistamiehet ry j\u00e4senyys kiinnostaa, niin tutustu Mets\u00e4stys ja sen aloittaminen \u2013 tervetuloa mets\u00e4st\u00e4j\u00e4ksi (metsastajaliitto.fi) sek\u00e4 yhdistyksen s\u00e4\u00e4nt\u00f6ihin s\u00e4\u00e4nn\u00f6t.pdf (rantsilanriistamiehet.fi) T\u00e4yt\u00e4 hakemus seuranjasenanomus.doc (metsastajaliitto.fi) ja l\u00e4het\u00e4 se osoitteeseen &nbsp;rantsilan.riistamiehet@gmail.com J\u00e4senmaksut 2021 J\u00e4senmaksu&nbsp;mets\u00e4st\u00e4j\u00e4liiton j\u00e4senyydell\u00e4 51 euroa J\u00e4senmaksu ilman mets\u00e4st\u00e4j\u00e4liiton j\u00e4senyytt\u00e4 40 euroa Maanomistajaj\u00e4senyys (yli 50ha)&nbsp; mets\u00e4st\u00e4j\u00e4liiton j\u00e4senyydell\u00e4 11 euroa [&hellip;]<\/p>\n","protected":false},"author":1,"featured_media":0,"parent":0,"menu_order":0,"comment_status":"closed","ping_status":"closed","template":"","meta":{"footnotes":""},"class_list":["post-319","page","type-page","status-publish","hentry"],"_links":{"self":[{"href":"http:\/\/www.rantsilanriistamiehet.fi\/hiekkalaatikko\/wp-json\/wp\/v2\/pages\/319","targetHints":{"allow":["GET"]}}],"collection":[{"href":"http:\/\/www.rantsilanriistamiehet.fi\/hiekkalaatikko\/wp-json\/wp\/v2\/pages"}],"about":[{"href":"http:\/\/www.rantsilanriistamiehet.fi\/hiekkalaatikko\/wp-json\/wp\/v2\/types\/page"}],"author":[{"embeddable":true,"href":"http:\/\/www.rantsilanriistamiehet.fi\/hiekkalaatikko\/wp-json\/wp\/v2\/users\/1"}],"replies":[{"embeddable":true,"href":"http:\/\/www.rantsilanriistamiehet.fi\/hiekkalaatikko\/wp-json\/wp\/v2\/comments?post=319"}],"version-history":[{"count":1,"href":"http:\/\/www.rantsilanriistamiehet.fi\/hiekkalaatikko\/wp-json\/wp\/v2\/pages\/319\/revisions"}],"predecessor-version":[{"id":321,"href":"http:\/\/www.rantsilanriistamiehet.fi\/hiekkalaatikko\/wp-json\/wp\/v2\/pages\/319\/revisions\/321"}],"wp:attachment":[{"href":"http:\/\/www.rantsilanriistamiehet.fi\/hiekkalaatikko\/wp-json\/wp\/v2\/media?parent=319"}],"curies":[{"name":"wp","href":"https:\/\/api.w.org\/{rel}","templated":true}]}}