{"id":303,"date":"2021-11-16T13:24:45","date_gmt":"2021-11-16T13:24:45","guid":{"rendered":"http:\/\/www.rantsilanriistamiehet.fi\/hiekkalaatikko\/?page_id=303"},"modified":"2021-11-18T07:57:55","modified_gmt":"2021-11-18T07:57:55","slug":"riistanhoitotyo","status":"publish","type":"page","link":"http:\/\/www.rantsilanriistamiehet.fi\/hiekkalaatikko\/riistanhoitotyo\/","title":{"rendered":"Riistanhoitoty\u00f6"},"content":{"rendered":"\n<h1 class=\"wp-block-heading\">Riistanhoitoty\u00f6<\/h1>\n\n\n\n<div class=\"wp-block-image\"><figure class=\"alignright\"><a href=\"http:\/\/www.rantsilanriistamiehet.fi\/wp-content\/uploads\/2014\/10\/2013-05-14-18.14.48.jpg\"><img decoding=\"async\" src=\"http:\/\/www.rantsilanriistamiehet.fi\/wp-content\/uploads\/2014\/10\/2013-05-14-18.14.48-300x225.jpg\" alt=\"\" class=\"wp-image-360\"\/><\/a><\/figure><\/div>\n\n\n\n<p>Seura on kannustanut j\u00e4senist\u00f6\u00e4\u00e4n harjoittamaan aktiivista riistanhoitoty\u00f6t\u00e4 valitsemalla vuosittain ko. ty\u00f6ss\u00e4 aktiivisemmiksi osoittautuneet j\u00e4senet. Vuosittain on valittu talvikokouksessa sek\u00e4 Riistamestari ett\u00e4 Petomestari.<\/p>\n\n\n\n<p>Riistamestariksi valinnan edellytyksen\u00e4 on ollut, ett\u00e4 kyseinen henkil\u00f6 on tehnyt p\u00e4\u00e4ttyneen\u00e4 vuonna esimerkillisesti riistanhoitoty\u00f6t\u00e4 ja Petomestariksi valinnan edellytys on ollut, ett\u00e4 valittu henkil\u00f6 on osallistunut ja harjoittanut pienpetopyynti\u00e4 tehokkaasti ja esimerkillisesti.<\/p>\n\n\n\n<p>Seura on rahoittanut riistanhoitoty\u00f6t\u00e4 avustamalla rahallisesti riistapeltojen rakentamista sek\u00e4 ostanut hirviel\u00e4imille tarkoitettuja nuolukivi\u00e4 hirvenpyyntiin osallistuneiden mets\u00e4st\u00e4jien m\u00e4\u00e4r\u00e4\u00e4 vastaavasti.<\/p>\n","protected":false},"excerpt":{"rendered":"<p>Riistanhoitoty\u00f6 Seura on kannustanut j\u00e4senist\u00f6\u00e4\u00e4n harjoittamaan aktiivista riistanhoitoty\u00f6t\u00e4 valitsemalla vuosittain ko. ty\u00f6ss\u00e4 aktiivisemmiksi osoittautuneet j\u00e4senet. Vuosittain on valittu talvikokouksessa sek\u00e4 Riistamestari ett\u00e4 Petomestari. Riistamestariksi valinnan edellytyksen\u00e4 on ollut, ett\u00e4 kyseinen henkil\u00f6 on tehnyt p\u00e4\u00e4ttyneen\u00e4 vuonna esimerkillisesti riistanhoitoty\u00f6t\u00e4 ja Petomestariksi valinnan edellytys on ollut, ett\u00e4 valittu henkil\u00f6 on osallistunut ja harjoittanut [&hellip;]<\/p>\n","protected":false},"author":1,"featured_media":0,"parent":0,"menu_order":0,"comment_status":"closed","ping_status":"closed","template":"","meta":{"footnotes":""},"class_list":["post-303","page","type-page","status-publish","hentry"],"_links":{"self":[{"href":"http:\/\/www.rantsilanriistamiehet.fi\/hiekkalaatikko\/wp-json\/wp\/v2\/pages\/303","targetHints":{"allow":["GET"]}}],"collection":[{"href":"http:\/\/www.rantsilanriistamiehet.fi\/hiekkalaatikko\/wp-json\/wp\/v2\/pages"}],"about":[{"href":"http:\/\/www.rantsilanriistamiehet.fi\/hiekkalaatikko\/wp-json\/wp\/v2\/types\/page"}],"author":[{"embeddable":true,"href":"http:\/\/www.rantsilanriistamiehet.fi\/hiekkalaatikko\/wp-json\/wp\/v2\/users\/1"}],"replies":[{"embeddable":true,"href":"http:\/\/www.rantsilanriistamiehet.fi\/hiekkalaatikko\/wp-json\/wp\/v2\/comments?post=303"}],"version-history":[{"count":2,"href":"http:\/\/www.rantsilanriistamiehet.fi\/hiekkalaatikko\/wp-json\/wp\/v2\/pages\/303\/revisions"}],"predecessor-version":[{"id":317,"href":"http:\/\/www.rantsilanriistamiehet.fi\/hiekkalaatikko\/wp-json\/wp\/v2\/pages\/303\/revisions\/317"}],"wp:attachment":[{"href":"http:\/\/www.rantsilanriistamiehet.fi\/hiekkalaatikko\/wp-json\/wp\/v2\/media?parent=303"}],"curies":[{"name":"wp","href":"https:\/\/api.w.org\/{rel}","templated":true}]}}