{"id":296,"date":"2021-11-16T13:23:38","date_gmt":"2021-11-16T13:23:38","guid":{"rendered":"http:\/\/www.rantsilanriistamiehet.fi\/hiekkalaatikko\/?page_id=296"},"modified":"2021-11-18T07:55:55","modified_gmt":"2021-11-18T07:55:55","slug":"metsastys","status":"publish","type":"page","link":"http:\/\/www.rantsilanriistamiehet.fi\/hiekkalaatikko\/metsastys\/","title":{"rendered":"Mets\u00e4stys"},"content":{"rendered":"\n<h1 class=\"wp-block-heading\">Pienriista<\/h1>\n\n\n\n<div class=\"wp-block-image\"><figure class=\"alignright\"><a href=\"http:\/\/www.rantsilanriistamiehet.fi\/wp-content\/uploads\/2014\/10\/Tyyne-ja-heinari.jpg\"><img decoding=\"async\" src=\"http:\/\/www.rantsilanriistamiehet.fi\/wp-content\/uploads\/2014\/10\/Tyyne-ja-heinari-300x225.jpg\" alt=\"Tyyne ja heinari\" class=\"wp-image-415\"\/><\/a><\/figure><\/div>\n\n\n\n<p>Rantsilan Riistamiehet ry:n alueella pienriistan pyynti on kohdistunut j\u00e4niksien, vesi- ja mets\u00e4kanalintujen mets\u00e4stykseen.<\/p>\n\n\n\n<p>Mets\u00e4kanalintujen osalla on voimassa kiinti\u00f6it\u00e4 sek\u00e4 rajoituksia, tarkista se vuosikohtaisesti. Kiinti\u00f6ist\u00e4 p\u00e4\u00e4tet\u00e4\u00e4n kes\u00e4kokouksessa loppukes\u00e4st\u00e4. Seuran alueelle istutettua fasaania on saanut mets\u00e4st\u00e4\u00e4 edellytyksell\u00e4, ett\u00e4 on istuttanut fasaaneja seuran alueelle.<\/p>\n\n\n\n<p><\/p>\n\n\n\n<p><\/p>\n\n\n\n<h1 class=\"wp-block-heading\">Suurriista<\/h1>\n\n\n\n<div class=\"wp-block-image\"><figure class=\"alignright\"><a href=\"http:\/\/www.rantsilanriistamiehet.fi\/wp-content\/uploads\/2014\/10\/20141101_135210_raj_800.jpg\"><img decoding=\"async\" src=\"http:\/\/www.rantsilanriistamiehet.fi\/wp-content\/uploads\/2014\/10\/20141101_135210_raj_800-300x225.jpg\" alt=\"20141101_135210_raj_800\" class=\"wp-image-155\"\/><\/a><\/figure><\/div>\n\n\n\n<p>Rantsilan riistamiesten mets\u00e4styksen p\u00e4\u00e4paino on hirvenmets\u00e4styksess\u00e4. 2000-luvulla lupa m\u00e4\u00e4r\u00e4t kasvoivat 80:st\u00e4 hirvenkaatoluvasta huippuvuosien yli 200:n hirven kaatolupaan, kunnes 2012 l\u00e4htiv\u00e4t voimakkaaseen laskuun.<\/p>\n\n\n\n<p>Hirvikannan laskuun on vastattu rajaamalla mets\u00e4stysaikaa sek\u00e4 luomalla s\u00e4\u00e4ntely\u00e4 saalistettaviin el\u00e4imiin.<\/p>\n\n\n\n<p>HUOM! Hirvijahtiin osallistujat \u2013 ilmottakaa joko viestill\u00e4 tai puhelimella porukanjohtajalle osallistumisestasi 20.9. menness\u00e4!<\/p>\n\n\n\n<p>Mets\u00e4kauriin pyynti aloitettiin seuran alueella vuonna 2000. Aluksi kaurista pyydettiin kiinti\u00f6ill\u00e4, v\u00e4liss\u00e4 vapaasti. T\u00e4ll\u00e4 hetkell\u00e4 k\u00e4yt\u00e4nt\u00f6n\u00e4 on ett\u00e4 seura m\u00e4\u00e4ritt\u00e4\u00e4 kiinti\u00f6n, jonka puitteissa kaurista saa pyyt\u00e4 vapaasti niin kauan kuin seuran kiinti\u00f6t\u00e4 on j\u00e4ljell\u00e4. Muistathan varmistaa kiinti\u00f6n tilanteen ennen pyynti\u00e4! Kaadoista ilmoitukset seuran yhteyshenkil\u00f6lle Eero V\u00e4h\u00e4lle(suullinen) ja lainmukaisesti valtiolle(oma lomake).<\/p>\n\n\n\n<p><\/p>\n\n\n\n<h1 class=\"wp-block-heading\">Pedot<\/h1>\n\n\n\n<div class=\"wp-block-image\"><figure class=\"alignright\"><a href=\"http:\/\/www.rantsilanriistamiehet.fi\/wp-content\/uploads\/2014\/10\/ilves_800.jpg\"><img decoding=\"async\" src=\"http:\/\/www.rantsilanriistamiehet.fi\/wp-content\/uploads\/2014\/10\/ilves_800-300x225.jpg\" alt=\"ilves_800\" class=\"wp-image-404\"\/><\/a><\/figure><\/div>\n\n\n\n<p>Yhdistys kannustaa j\u00e4senist\u00f6\u00e4\u00e4n piepetojen pyyntiin ja nime\u00e4\u00e4 vuosittain pyynniss\u00e4 parhaiten menestyneen petomestariksi. Yhdistys on j\u00e4rjest\u00e4nyt mm. loukuntekokurssin tukeakseen toimintaa.<\/p>\n\n\n\n<p>Suurpetohavainnoista(Karhu, Susi, Ahma ja iIves) ja j\u00e4lkihavainnoista yhdistys pyyt\u00e4\u00e4 ilmoittamaan petoyhdyshenkil\u00f6lle: Eero V\u00e4h\u00e4 050 3759123<\/p>\n\n\n\n<p><\/p>\n\n\n\n<p><strong>Suurpetopyynnin s\u00e4\u00e4nn\u00f6t:<\/strong><\/p>\n\n\n\n<p>Johdettua seurue pyynti\u00e4.<\/p>\n\n\n\n<p>Seura nime\u00e4\u00e4 tarpeellisen m\u00e4\u00e4r\u00e4n johtajia.<\/p>\n\n\n\n<p>Ensisijaisesti seuran j\u00e4senten omat koirat. Kutsuttuna vieras koirakko.<\/p>\n\n\n\n<p>Vierasluvalla seuran ulkopuolinen koira ja koiraohjaaja aseen kanssa, saa osallistua seuran j\u00e4senen kutsumana pyyntiin. Seurue p\u00e4\u00e4tt\u00e4\u00e4 vieras koiran kutsumisesta.<\/p>\n\n\n\n<p>Yhteyshenkil\u00f6t ilmoitetaan seuran nettisivuilla. Pyyntiin halukkaat voivat ilmoittautua suoraan heille.<\/p>\n\n\n\n<p><\/p>\n\n\n\n<p><\/p>\n","protected":false},"excerpt":{"rendered":"<p>Pienriista Rantsilan Riistamiehet ry:n alueella pienriistan pyynti on kohdistunut j\u00e4niksien, vesi- ja mets\u00e4kanalintujen mets\u00e4stykseen. Mets\u00e4kanalintujen osalla on voimassa kiinti\u00f6it\u00e4 sek\u00e4 rajoituksia, tarkista se vuosikohtaisesti. Kiinti\u00f6ist\u00e4 p\u00e4\u00e4tet\u00e4\u00e4n kes\u00e4kokouksessa loppukes\u00e4st\u00e4. Seuran alueelle istutettua fasaania on saanut mets\u00e4st\u00e4\u00e4 edellytyksell\u00e4, ett\u00e4 on istuttanut fasaaneja seuran alueelle. Suurriista Rantsilan riistamiesten mets\u00e4styksen p\u00e4\u00e4paino on hirvenmets\u00e4styksess\u00e4. 2000-luvulla [&hellip;]<\/p>\n","protected":false},"author":1,"featured_media":0,"parent":0,"menu_order":0,"comment_status":"closed","ping_status":"closed","template":"","meta":{"footnotes":""},"class_list":["post-296","page","type-page","status-publish","hentry"],"_links":{"self":[{"href":"http:\/\/www.rantsilanriistamiehet.fi\/hiekkalaatikko\/wp-json\/wp\/v2\/pages\/296","targetHints":{"allow":["GET"]}}],"collection":[{"href":"http:\/\/www.rantsilanriistamiehet.fi\/hiekkalaatikko\/wp-json\/wp\/v2\/pages"}],"about":[{"href":"http:\/\/www.rantsilanriistamiehet.fi\/hiekkalaatikko\/wp-json\/wp\/v2\/types\/page"}],"author":[{"embeddable":true,"href":"http:\/\/www.rantsilanriistamiehet.fi\/hiekkalaatikko\/wp-json\/wp\/v2\/users\/1"}],"replies":[{"embeddable":true,"href":"http:\/\/www.rantsilanriistamiehet.fi\/hiekkalaatikko\/wp-json\/wp\/v2\/comments?post=296"}],"version-history":[{"count":4,"href":"http:\/\/www.rantsilanriistamiehet.fi\/hiekkalaatikko\/wp-json\/wp\/v2\/pages\/296\/revisions"}],"predecessor-version":[{"id":315,"href":"http:\/\/www.rantsilanriistamiehet.fi\/hiekkalaatikko\/wp-json\/wp\/v2\/pages\/296\/revisions\/315"}],"wp:attachment":[{"href":"http:\/\/www.rantsilanriistamiehet.fi\/hiekkalaatikko\/wp-json\/wp\/v2\/media?parent=296"}],"curies":[{"name":"wp","href":"https:\/\/api.w.org\/{rel}","templated":true}]}}