{"id":293,"date":"2021-11-16T13:21:42","date_gmt":"2021-11-16T13:21:42","guid":{"rendered":"http:\/\/www.rantsilanriistamiehet.fi\/hiekkalaatikko\/?page_id=293"},"modified":"2021-11-17T11:35:55","modified_gmt":"2021-11-17T11:35:55","slug":"ampumarata-ja-jaosto","status":"publish","type":"page","link":"http:\/\/www.rantsilanriistamiehet.fi\/hiekkalaatikko\/ampumarata-ja-jaosto\/","title":{"rendered":"Ampumarata ja -jaosto"},"content":{"rendered":"\n<h1 class=\"wp-block-heading\">Ampumarata ja -jaosto<\/h1>\n\n\n\n<p><strong>Ampumaradan varauskalenteri:<\/strong><\/p>\n\n\n\n<p><iframe loading=\"lazy\" style=\"border: 0;\" src=\"https:\/\/calendar.google.com\/calendar\/embed?src=l13b4ifo7hlde7r75eskt13p20%40group.calendar.google.com&amp;ctz=Europe%2FHelsinki\" scrolling=\"no\" width=\"800\" height=\"600\" frameborder=\"0\"><br><\/p>\n\n\n\n<p><\/p>\n\n\n\n<p>Ampumajaosto on huolehtinut ampumaradan kunnossapidosta ja ampumaharrastuksen yll\u00e4pidosta seuran j\u00e4senten keskuudessa j\u00e4rjest\u00e4m\u00e4ll\u00e4 korjaus- ja siivoustalkoita radalla sek\u00e4 ampumakilpailuja ja harjoituksia j\u00e4senille.<\/p>\n\n\n\n<p>Hirviradalla on mahdollista ampua hirvikokeita ja harjoitella liikkuvaan hirvitauluun 75m ampumakopeista. Samalla radalla my\u00f6s ampumapenkki 100m sek\u00e4 ampumakatos 150m. Radalla ammutaan my\u00f6s pistoolikisoja sek\u00e4 SRA:ta.<\/p>\n\n\n\n<p>Pienoiskiv\u00e4\u00e4riradalla voi ampua 50m katoksesta pienoiskiv\u00e4\u00e4rill\u00e4 tai pienoishirve\u00e4. Radalla ammutaan my\u00f6s pistoolikisoja sek\u00e4 SRA:ta.<\/p>\n\n\n\n<p>Skeetradalla on k\u00e4yt\u00f6ss\u00e4 sek\u00e4 s\u00e4hk\u00f6inen- ett\u00e4 manuaalinen heitin. S\u00e4hk\u00f6ist\u00e4 heitint\u00e4 k\u00e4ytet\u00e4\u00e4n ohjatusti, manuaalista voi k\u00e4ytt\u00e4\u00e4 omalla j\u00e4senporukalla vapaasti. Rata on &#8221;yksikoppinen&#8221;. <\/p>\n\n\n\n<p> <\/p>\n\n\n\n<div class=\"wp-block-image\"><figure class=\"alignright\"><a href=\"http:\/\/www.rantsilanriistamiehet.fi\/wp-content\/uploads\/2018\/08\/skeet_voittajat.jpg\"><img decoding=\"async\" src=\"http:\/\/www.rantsilanriistamiehet.fi\/wp-content\/uploads\/2018\/08\/skeet_voittajat-300x225.jpg\" alt=\"\" class=\"wp-image-729\"\/><\/a><\/figure><\/div>\n\n\n\n<p><strong>Seuran kilpailujen tulokset:<\/strong><\/p>\n\n\n\n<p><a href=\"http:\/\/www.rantsilanriistamiehet.fi\/wp-content\/uploads\/2018\/08\/riistamieskisat_2018_v2.pdf\">Rantsilan tiistamiesten 19.8.2018 kilpailujen tulokset<\/a> (pdf)<\/p>\n\n\n\n<p>Kiitoksia osallistujille ja j\u00e4rjest\u00e4jille sek\u00e4 onnittelut menestyneille!<br>Ampumajaosto j\u00e4rjest\u00e4\u00e4 kes\u00e4kokouksen yhteydess\u00e4 seuran ampumamestaruuskisat. Lajeina skeet(10lks) sek\u00e4 mets\u00e4styshirvi(4+6lks). Kilpailussa palkitaan kolme parasta Y- ja Y60-, D- ja J-sarjoissa sek\u00e4 voittajat saavat hyllyyns\u00e4 vuodeksi kiertopalkinnon.<\/p>\n","protected":false},"excerpt":{"rendered":"<p>Ampumarata ja -jaosto Ampumaradan varauskalenteri: Ampumajaosto on huolehtinut ampumaradan kunnossapidosta ja ampumaharrastuksen yll\u00e4pidosta seuran j\u00e4senten keskuudessa j\u00e4rjest\u00e4m\u00e4ll\u00e4 korjaus- ja siivoustalkoita radalla sek\u00e4 ampumakilpailuja ja harjoituksia j\u00e4senille. Hirviradalla on mahdollista ampua hirvikokeita ja harjoitella liikkuvaan hirvitauluun 75m ampumakopeista. Samalla radalla my\u00f6s ampumapenkki 100m sek\u00e4 ampumakatos 150m. Radalla ammutaan my\u00f6s pistoolikisoja sek\u00e4 [&hellip;]<\/p>\n","protected":false},"author":1,"featured_media":0,"parent":0,"menu_order":0,"comment_status":"closed","ping_status":"closed","template":"","meta":{"footnotes":""},"class_list":["post-293","page","type-page","status-publish","hentry"],"_links":{"self":[{"href":"http:\/\/www.rantsilanriistamiehet.fi\/hiekkalaatikko\/wp-json\/wp\/v2\/pages\/293","targetHints":{"allow":["GET"]}}],"collection":[{"href":"http:\/\/www.rantsilanriistamiehet.fi\/hiekkalaatikko\/wp-json\/wp\/v2\/pages"}],"about":[{"href":"http:\/\/www.rantsilanriistamiehet.fi\/hiekkalaatikko\/wp-json\/wp\/v2\/types\/page"}],"author":[{"embeddable":true,"href":"http:\/\/www.rantsilanriistamiehet.fi\/hiekkalaatikko\/wp-json\/wp\/v2\/users\/1"}],"replies":[{"embeddable":true,"href":"http:\/\/www.rantsilanriistamiehet.fi\/hiekkalaatikko\/wp-json\/wp\/v2\/comments?post=293"}],"version-history":[{"count":3,"href":"http:\/\/www.rantsilanriistamiehet.fi\/hiekkalaatikko\/wp-json\/wp\/v2\/pages\/293\/revisions"}],"predecessor-version":[{"id":310,"href":"http:\/\/www.rantsilanriistamiehet.fi\/hiekkalaatikko\/wp-json\/wp\/v2\/pages\/293\/revisions\/310"}],"wp:attachment":[{"href":"http:\/\/www.rantsilanriistamiehet.fi\/hiekkalaatikko\/wp-json\/wp\/v2\/media?parent=293"}],"curies":[{"name":"wp","href":"https:\/\/api.w.org\/{rel}","templated":true}]}}