{"id":287,"date":"2021-11-16T13:18:51","date_gmt":"2021-11-16T13:18:51","guid":{"rendered":"http:\/\/www.rantsilanriistamiehet.fi\/hiekkalaatikko\/?page_id=287"},"modified":"2021-11-16T13:20:31","modified_gmt":"2021-11-16T13:20:31","slug":"johtokunta","status":"publish","type":"page","link":"http:\/\/www.rantsilanriistamiehet.fi\/hiekkalaatikko\/johtokunta\/","title":{"rendered":"Johtokunta"},"content":{"rendered":"\n<h1 class=\"wp-block-heading\">Johtokunta<\/h1>\n\n\n\n<div class=\"wp-block-image\"><figure class=\"alignright\"><a href=\"http:\/\/www.rantsilanriistamiehet.fi\/wp-content\/uploads\/2015\/04\/00_kauris_pukki_kivi1_1600.jpg\"><img decoding=\"async\" src=\"http:\/\/www.rantsilanriistamiehet.fi\/wp-content\/uploads\/2015\/04\/00_kauris_pukki_kivi1_1600-225x300.jpg\" alt=\"00_kauris_pukki_kivi1_1600\" class=\"wp-image-342\"\/><\/a><\/figure><\/div>\n\n\n\n<p>Rantsilan riistamiehet ry johtokunta 2021: <br>Kilpel\u00e4inen Rauno <br>Kivioja Tuukka <br>Kurikka Taneli <br>Latvalehto Mikko <br>Mankinen Antti <br>Niva Antero <br>Porkka Milla <br>Syv\u00e4luoma Petri <br>Tolonen Kauko <br>Tuokkola Matti <br>Tuomela Jarmo (Puheenjohtaja) <br>\u00c4ij\u00e4l\u00e4 Elina (Sihteeri)<\/p>\n","protected":false},"excerpt":{"rendered":"<p>Johtokunta Rantsilan riistamiehet ry johtokunta 2021: Kilpel\u00e4inen Rauno Kivioja Tuukka Kurikka Taneli Latvalehto Mikko Mankinen Antti Niva Antero Porkka Milla Syv\u00e4luoma Petri Tolonen Kauko Tuokkola Matti Tuomela Jarmo (Puheenjohtaja) \u00c4ij\u00e4l\u00e4 Elina (Sihteeri)<\/p>\n","protected":false},"author":1,"featured_media":0,"parent":0,"menu_order":0,"comment_status":"closed","ping_status":"closed","template":"","meta":{"footnotes":""},"class_list":["post-287","page","type-page","status-publish","hentry"],"_links":{"self":[{"href":"http:\/\/www.rantsilanriistamiehet.fi\/hiekkalaatikko\/wp-json\/wp\/v2\/pages\/287","targetHints":{"allow":["GET"]}}],"collection":[{"href":"http:\/\/www.rantsilanriistamiehet.fi\/hiekkalaatikko\/wp-json\/wp\/v2\/pages"}],"about":[{"href":"http:\/\/www.rantsilanriistamiehet.fi\/hiekkalaatikko\/wp-json\/wp\/v2\/types\/page"}],"author":[{"embeddable":true,"href":"http:\/\/www.rantsilanriistamiehet.fi\/hiekkalaatikko\/wp-json\/wp\/v2\/users\/1"}],"replies":[{"embeddable":true,"href":"http:\/\/www.rantsilanriistamiehet.fi\/hiekkalaatikko\/wp-json\/wp\/v2\/comments?post=287"}],"version-history":[{"count":2,"href":"http:\/\/www.rantsilanriistamiehet.fi\/hiekkalaatikko\/wp-json\/wp\/v2\/pages\/287\/revisions"}],"predecessor-version":[{"id":291,"href":"http:\/\/www.rantsilanriistamiehet.fi\/hiekkalaatikko\/wp-json\/wp\/v2\/pages\/287\/revisions\/291"}],"wp:attachment":[{"href":"http:\/\/www.rantsilanriistamiehet.fi\/hiekkalaatikko\/wp-json\/wp\/v2\/media?parent=287"}],"curies":[{"name":"wp","href":"https:\/\/api.w.org\/{rel}","templated":true}]}}